{"id":5480,"date":"2024-03-21T18:31:03","date_gmt":"2024-03-21T18:31:03","guid":{"rendered":"https:\/\/testing.navegasintitulo.com\/politique-de-confidentialite\/"},"modified":"2025-11-24T18:20:22","modified_gmt":"2025-11-24T18:20:22","slug":"politique-de-confidentialite","status":"publish","type":"page","link":"https:\/\/www.sitgesrentboat.com\/fr\/politique-de-confidentialite\/","title":{"rendered":"Politique de confidentialit\u00e9"},"content":{"rendered":"\n<p><br\/><br\/><br\/><br\/>La pr\u00e9sente politique de confidentialit\u00e9 d\u00e9finit la mani\u00e8re dont nous collectons, traitons et partageons les donn\u00e9es \u00e0 caract\u00e8re personnel que vous fournissez par l&rsquo;interm\u00e9diaire du site web www.navegasintitulo.com (le \u00ab\u00a0site web\u00a0\u00bb). Veuillez lire attentivement la pr\u00e9sente politique afin de comprendre notre point de vue et nos pratiques en ce qui concerne le traitement de vos donn\u00e9es \u00e0 caract\u00e8re personnel. <\/p>\n\n<h3 class=\"wp-block-heading\">Qui est responsable du traitement ?<\/h3>\n\n<p><br\/>Selon la l\u00e9gislation en vigueur, le responsable du traitement est la personne physique ou<br\/>morale qui, seule ou avec d&rsquo;autres, d\u00e9termine les finalit\u00e9s et les moyens du traitement.<br\/>Le responsable du traitement des donn\u00e9es personnelles collect\u00e9es par le biais du site<br\/>est M. Jorge Cesar Fuste Sanchez, dont l&rsquo;adresse est Passeig d&rsquo; les Drassanes<br\/>local 57, Port de Aiguadol\u00e7 Sitges, Barcelone (Espagne), e-mail<br\/><a href=\"mailto:info@sitgesrentboat.com\" title=\"\">info@sitgesrentboat.com<\/a>.<\/p>\n\n<p><\/p>\n\n<h3 class=\"wp-block-heading\">\u00c0 quelles fins traitons-nous vos donn\u00e9es personnelles ?<\/h3>\n\n<p><br\/><strong>FORMULAIRE DE PR\u00c9-R\u00c9SERVATION<\/strong><\/p>\n\n<p><br\/><br\/><br\/>Nous traitons les donn\u00e9es personnelles que vous fournissez par le biais de ce formulaire sur notre site web afin de vous contacter et de g\u00e9rer la r\u00e9servation des services offerts. <br\/>Les cat\u00e9gories de donn\u00e9es personnelles que nous traitons \u00e0 cette fin sont le nom, le pr\u00e9nom, l&rsquo;adresse \u00e9lectronique et le num\u00e9ro de t\u00e9l\u00e9phone.<\/p>\n\n<p><br\/><strong>FORMULAIRE DE CH\u00c8QUE-CADEAU<\/strong><\/p>\n\n<p><br\/><br\/><br\/><br\/><br\/>Nous traitons les donn\u00e9es personnelles que vous nous fournissez par le biais de ce formulaire afin de vous contacter et de g\u00e9rer l&rsquo;achat du ch\u00e8que-cadeau que vous demandez sur le site web. Les cat\u00e9gories de donn\u00e9es personnelles que nous traitons \u00e0 cette fin sont le nom, le pr\u00e9nom, l&rsquo;adresse \u00e9lectronique et le num\u00e9ro de t\u00e9l\u00e9phone.<\/p>\n\n<p><\/p>\n\n<h3 class=\"wp-block-heading\">Quelle est la base l\u00e9gitime du traitement de vos donn\u00e9es personnelles ?<\/h3>\n\n<p><br\/><br\/>La base juridique du traitement des donn\u00e9es personnelles est l&rsquo;ex\u00e9cution du contrat ou la mise en \u0153uvre de mesures pr\u00e9contractuelles.<\/p>\n\n<p><\/p>\n\n<h3 class=\"wp-block-heading\">Combien de temps conservons-nous vos donn\u00e9es personnelles ?<\/h3>\n\n<p><br\/><br\/><br\/>Nous conserverons vos donn\u00e9es \u00e0 caract\u00e8re personnel aussi longtemps qu&rsquo;il existe une relation contractuelle et\/ou commerciale avec vous ou aussi longtemps que vous n&rsquo;exercez pas votre droit \u00e0 l&rsquo;effacement et\/ou \u00e0 la limitation du traitement de vos donn\u00e9es.<\/p>\n\n<p><\/p>\n\n<h3 class=\"wp-block-heading\">\u00c0 qui pouvons-nous divulguer vos donn\u00e9es personnelles ?<\/h3>\n\n<p><br\/>Nous partageons vos donn\u00e9es personnelles avec des prestataires de services tiers. <br\/><br\/><br\/><br\/><br\/>Nos fournisseurs n&rsquo;ont acc\u00e8s qu&rsquo;aux donn\u00e9es personnelles n\u00e9cessaires \u00e0 la prestation de leurs services et ne peuvent les utiliser \u00e0 d&rsquo;autres fins. Vos donn\u00e9es personnelles seront \u00e9galement mises \u00e0 la disposition des administrations publiques, des juges et des tribunaux, pour l&rsquo;examen d&rsquo;\u00e9ventuelles responsabilit\u00e9s d\u00e9coulant du traitement ou pour fournir la collaboration requise par la loi.<\/p>\n\n<p><\/p>\n\n<h3 class=\"wp-block-heading\">Comment pouvez-vous exercer vos droits ?<\/h3>\n\n<p><br\/><br\/><br\/>En tant que personne concern\u00e9e, vous disposez des droits suivants en ce qui concerne le traitement de vos donn\u00e9es \u00e0 caract\u00e8re personnel : acc\u00e8s, rectification, effacement, opposition, restriction et portabilit\u00e9. <br\/><br\/><br\/><br\/><br\/>Si vous souhaitez exercer l&rsquo;un des droits susmentionn\u00e9s, vous pouvez \u00e0 tout moment nous envoyer un courrier \u00e9lectronique \u00e0 l&rsquo;adresse info@navegasintitulo.com en indiquant la raison de votre demande. Enfin, nous vous rappelons que vous avez le droit de d\u00e9poser une plainte aupr\u00e8s de l&rsquo;Agence espagnole de protection des donn\u00e9es, www.aepd.es, si vous consid\u00e9rez que nous avons viol\u00e9 l&rsquo;un de vos droits.<\/p>\n\n<p><\/p>\n\n<h3 class=\"wp-block-heading\">Comment prot\u00e9geons-nous vos donn\u00e9es personnelles ?<\/h3>\n\n<p><br\/><br\/><br\/>Nous utilisons des mesures techniques et organisationnelles appropri\u00e9es pour prot\u00e9ger vos informations personnelles et votre vie priv\u00e9e, et nous revoyons ces mesures r\u00e9guli\u00e8rement. Nous prot\u00e9geons vos informations personnelles en utilisant une combinaison de contr\u00f4les<\/p>\n\n<p><br\/><br\/>des mesures de s\u00e9curit\u00e9 physiques, informatiques ou logiques, y compris des contr\u00f4les d&rsquo;acc\u00e8s qui limitent et g\u00e8rent la mani\u00e8re dont vos informations personnelles et vos donn\u00e9es personnelles sont trait\u00e9es, administr\u00e9es et g\u00e9r\u00e9es. <br\/><br\/>Nous veillons \u00e9galement \u00e0 ce que nos employ\u00e9s soient correctement form\u00e9s \u00e0 la protection de vos informations personnelles.<\/p>\n\n<p><\/p>\n\n<h3 class=\"wp-block-heading\">Cookies<\/h3>\n\n<p><br\/><br\/>Nous utilisons nos propres cookies et ceux de tiers pour optimiser le site web, ainsi qu&rsquo;\u00e0 d&rsquo;autres fins. <br\/>Si vous souhaitez en savoir plus sur les cookies que nous utilisons, leur finalit\u00e9 et d&rsquo;autres informations int\u00e9ressantes, veuillez consulter notre politique en mati\u00e8re de cookies \u00e0 l&rsquo;adresse suivante : .<\/p>\n\n<p><\/p>\n\n<h3 class=\"wp-block-heading\">Modification de la politique de confidentialit\u00e9<\/h3>\n\n<p><br\/><br\/><br\/><br\/><br\/>Nous nous r\u00e9servons le droit de modifier la pr\u00e9sente politique de confidentialit\u00e9, conform\u00e9ment \u00e0 nos propres crit\u00e8res, motiv\u00e9s par un changement de l\u00e9gislation, de jurisprudence ou de doctrine de l&rsquo;Agence espagnole de protection des donn\u00e9es. Nous vous informerons de ces changements en publiant la politique de confidentialit\u00e9 modifi\u00e9e sur le site Web.<\/p>\n\n<p><\/p>\n\n<h3 class=\"wp-block-heading\">Droit applicable et juridiction<\/h3>\n\n<p><br\/><br\/><br\/><br\/>Tous les litiges et\/ou r\u00e9clamations d\u00e9coulant de l&rsquo;interpr\u00e9tation et\/ou de l&rsquo;ex\u00e9cution de la pr\u00e9sente politique de confidentialit\u00e9 sont r\u00e9gis par la l\u00e9gislation espagnole et rel\u00e8vent de la comp\u00e9tence des cours et tribunaux de la ville de Vilanova i la Geltr\u00fa (Barcelone).<\/p>\n","protected":false},"excerpt":{"rendered":"<p>La pr\u00e9sente politique de confidentialit\u00e9 d\u00e9finit la mani\u00e8re dont nous collectons, traitons et partageons les donn\u00e9es \u00e0 caract\u00e8re personnel que vous fournissez par l&rsquo;interm\u00e9diaire du site web www.navegasintitulo.com (le \u00ab\u00a0site web\u00a0\u00bb). Veuillez lire attentivement la pr\u00e9sente politique afin de comprendre notre point de vue et nos pratiques en ce qui concerne le traitement de vos &#8230; <a title=\"Politique de confidentialit\u00e9\" class=\"read-more\" href=\"https:\/\/www.sitgesrentboat.com\/fr\/politique-de-confidentialite\/\" aria-label=\"En savoir plus sur Politique de confidentialit\u00e9\">Lire plus<\/a><\/p>\n","protected":false},"author":1,"featured_media":0,"parent":0,"menu_order":0,"comment_status":"closed","ping_status":"closed","template":"","meta":{"_acf_changed":false,"footnotes":""},"class_list":["post-5480","page","type-page","status-publish"],"acf":[],"_links":{"self":[{"href":"https:\/\/www.sitgesrentboat.com\/fr\/wp-json\/wp\/v2\/pages\/5480","targetHints":{"allow":["GET"]}}],"collection":[{"href":"https:\/\/www.sitgesrentboat.com\/fr\/wp-json\/wp\/v2\/pages"}],"about":[{"href":"https:\/\/www.sitgesrentboat.com\/fr\/wp-json\/wp\/v2\/types\/page"}],"author":[{"embeddable":true,"href":"https:\/\/www.sitgesrentboat.com\/fr\/wp-json\/wp\/v2\/users\/1"}],"replies":[{"embeddable":true,"href":"https:\/\/www.sitgesrentboat.com\/fr\/wp-json\/wp\/v2\/comments?post=5480"}],"version-history":[{"count":2,"href":"https:\/\/www.sitgesrentboat.com\/fr\/wp-json\/wp\/v2\/pages\/5480\/revisions"}],"predecessor-version":[{"id":9180,"href":"https:\/\/www.sitgesrentboat.com\/fr\/wp-json\/wp\/v2\/pages\/5480\/revisions\/9180"}],"wp:attachment":[{"href":"https:\/\/www.sitgesrentboat.com\/fr\/wp-json\/wp\/v2\/media?parent=5480"}],"curies":[{"name":"wp","href":"https:\/\/api.w.org\/{rel}","templated":true}]}}