{"id":5470,"date":"2024-05-12T22:31:53","date_gmt":"2024-05-12T22:31:53","guid":{"rendered":"https:\/\/testing.navegasintitulo.com\/politique-en-matiere-de-cookies\/"},"modified":"2025-07-29T11:33:56","modified_gmt":"2025-07-29T11:33:56","slug":"politique-en-matiere-de-cookies","status":"publish","type":"page","link":"https:\/\/www.sitgesrentboat.com\/fr\/politique-en-matiere-de-cookies\/","title":{"rendered":"Politique en mati\u00e8re de cookies"},"content":{"rendered":"\n<h4 class=\"wp-block-heading\"><strong>Pr\u00e9ambule<\/strong><\/h4>\n\n<p>Nous vous informons qu&rsquo;afin d&rsquo;am\u00e9liorer votre exp\u00e9rience de navigation, de vous proposer nos conseils personnalis\u00e9s, et de vous informer en ligne sur nos offres clients ou partenaires, notre site internet utilise des dispositifs d&rsquo;implantation de cookies et de stockage d&rsquo;IP.<\/p>\n\n<p>Nous souhaitons vous informer de mani\u00e8re claire et pr\u00e9cise sur les cookies que nous utilisons, en d\u00e9taillant ci-dessous ce qu&rsquo;est un cookie, \u00e0 quoi il sert, quels types de cookies nous utilisons, quelle est leur finalit\u00e9 et comment vous pouvez les configurer ou les d\u00e9sactiver si vous le souhaitez.<\/p>\n\n<h4 class=\"wp-block-heading\"><strong>Qu&rsquo;est-ce qu&rsquo;un cookie et \u00e0 quoi sert-il ?<\/strong><\/h4>\n\n<p>Le cookie est un fichier que nous pla\u00e7ons sur votre ordinateur et qui a pour seul but de simplifier votre navigation (ce cookie ne peut pas contenir de virus ni \u00eatre ex\u00e9cut\u00e9, car il ne s&rsquo;agit pas d&rsquo;un fichier actif). Le cookie ne peut \u00eatre lu que par le fournisseur de services de ce site web et par vous, et vous pouvez le supprimer si vous le souhaitez en acc\u00e9dant aux options de votre navigateur.<\/p>\n\n<p>Les cookies sont essentiels au fonctionnement de l&rsquo;internet, offrant d&rsquo;innombrables avantages dans la fourniture de services interactifs, facilitant la navigation et l&rsquo;utilisation de notre site web.<\/p>\n\n<p>Les cookies ne peuvent en aucun cas endommager votre ordinateur. En m\u00eame temps, le fait qu&rsquo;ils soient actifs nous aide \u00e0 identifier et \u00e0 r\u00e9soudre les erreurs.<\/p>\n\n<h4 class=\"wp-block-heading\"><strong>Diff\u00e9rents types de cookies<\/strong><\/h4>\n\n<p>Selon l&rsquo;entit\u00e9 qui le g\u00e8re :<\/p>\n\n<p>Propres cookies : il s&rsquo;agit de ceux qui sont envoy\u00e9s \u00e0 votre ordinateur \u00e0 partir de nos propres \u00e9quipements ou domaines et \u00e0 partir desquels nous fournissons le service que vous demandez.<\/p>\n\n<p>Cookies de tiers : il s&rsquo;agit de cookies envoy\u00e9s \u00e0 votre ordinateur \u00e0 partir d&rsquo;un ordinateur ou d&rsquo;un domaine qui n&rsquo;est pas g\u00e9r\u00e9 par nous, mais par une autre entit\u00e9 collaboratrice. Par exemple, ceux utilis\u00e9s par les r\u00e9seaux sociaux, ou par des contenus externes tels que Google.<\/p>\n\n<p>En fonction de la dur\u00e9e de leur activation :<\/p>\n\n<p>Cookies de session : il s&rsquo;agit de cookies temporaires qui restent dans le fichier de cookies de votre navigateur jusqu&rsquo;\u00e0 ce que vous quittiez le site web, de sorte qu&rsquo;aucun d&rsquo;entre eux ne reste enregistr\u00e9 sur le disque dur de votre ordinateur. Les informations obtenues gr\u00e2ce \u00e0 ces cookies sont utilis\u00e9es pour analyser les sch\u00e9mas de trafic sur le web. En fin de compte, cela nous permet de fournir une meilleure exp\u00e9rience, d&rsquo;am\u00e9liorer le contenu et de le rendre plus facile \u00e0 utiliser.<\/p>\n\n<p>Cookies persistants : ils sont stock\u00e9s sur votre disque dur et notre site web les lit \u00e0 chaque fois que vous le visitez. Un site web permanent a une date d&rsquo;expiration fixe. Le cookie cessera de fonctionner apr\u00e8s cette date. Nous utilisons g\u00e9n\u00e9ralement ces cookies pour faciliter les achats et les services d&rsquo;enregistrement.<\/p>\n\n<p>En fonction de leur objectif :<\/p>\n\n<p>Cookies techniques : il s&rsquo;agit des cookies n\u00e9cessaires \u00e0 la navigation et au bon fonctionnement de notre site web. Ils permettent, par exemple, de contr\u00f4ler le trafic et la communication de donn\u00e9es, d&rsquo;acc\u00e9der \u00e0 des zones restreintes, d&rsquo;effectuer le processus d&rsquo;achat d&rsquo;une commande, d&rsquo;utiliser des \u00e9l\u00e9ments de s\u00e9curit\u00e9, de stocker du contenu afin de diffuser des vid\u00e9os ou de partager du contenu via les r\u00e9seaux sociaux.<\/p>\n\n<p>Cookies de personnalisation : Ces cookies vous permettent d&rsquo;acc\u00e9der au service avec des caract\u00e9ristiques pr\u00e9d\u00e9finies en fonction d&rsquo;une s\u00e9rie de crit\u00e8res, tels que la langue, le type de navigateur avec lequel vous acc\u00e9dez au service, la configuration r\u00e9gionale \u00e0 partir de laquelle vous acc\u00e9dez au service, etc.<\/p>\n\n<p>Cookies d&rsquo;analyse : Ces cookies nous permettent de quantifier le nombre d&rsquo;utilisateurs et de proc\u00e9der ainsi \u00e0 la mesure et \u00e0 l&rsquo;analyse statistique de l&rsquo;utilisation faite par les utilisateurs des services fournis. A cette fin, votre navigation sur notre site est analys\u00e9e afin d&rsquo;am\u00e9liorer la gamme de produits et de services que nous proposons.<\/p>\n\n<p>Cookies publicitaires : Ce sont ceux qui permettent de g\u00e9rer, de la mani\u00e8re la plus efficace possible, les espaces publicitaires qui peuvent \u00eatre inclus sur notre site web.<\/p>\n\n<h4 class=\"wp-block-heading\"><strong>  Comment pouvez-vous param\u00e9trer ou d\u00e9sactiver vos cookies ?<\/strong><\/h4>\n\n<p>Vous pouvez autoriser, bloquer ou supprimer les cookies install\u00e9s sur votre ordinateur en configurant les options de votre navigateur Internet. Si vous n&rsquo;autorisez pas l&rsquo;installation de cookies dans votre navigateur, il se peut que vous ne puissiez pas acc\u00e9der \u00e0 certains services et que votre exp\u00e9rience sur notre site web soit moins satisfaisante.<\/p>\n\n<h4 class=\"wp-block-heading\"><strong>Plus d&rsquo;informations sur les cookies<\/strong><\/h4>\n\n<p>En naviguant et en continuant sur notre site web, vous indiquez que vous consentez \u00e0 l&rsquo;utilisation des cookies susmentionn\u00e9s, et ce dans les conditions contenues dans la pr\u00e9sente politique en mati\u00e8re de cookies.<\/p>\n","protected":false},"excerpt":{"rendered":"<p>Pr\u00e9ambule Nous vous informons qu&rsquo;afin d&rsquo;am\u00e9liorer votre exp\u00e9rience de navigation, de vous proposer nos conseils personnalis\u00e9s, et de vous informer en ligne sur nos offres clients ou partenaires, notre site internet utilise des dispositifs d&rsquo;implantation de cookies et de stockage d&rsquo;IP. Nous souhaitons vous informer de mani\u00e8re claire et pr\u00e9cise sur les cookies que nous &#8230; <a title=\"Politique en mati\u00e8re de cookies\" class=\"read-more\" href=\"https:\/\/www.sitgesrentboat.com\/fr\/politique-en-matiere-de-cookies\/\" aria-label=\"En savoir plus sur Politique en mati\u00e8re de cookies\">Lire plus<\/a><\/p>\n","protected":false},"author":1,"featured_media":0,"parent":0,"menu_order":0,"comment_status":"closed","ping_status":"closed","template":"","meta":{"_acf_changed":false,"footnotes":""},"class_list":["post-5470","page","type-page","status-publish"],"acf":[],"_links":{"self":[{"href":"https:\/\/www.sitgesrentboat.com\/fr\/wp-json\/wp\/v2\/pages\/5470","targetHints":{"allow":["GET"]}}],"collection":[{"href":"https:\/\/www.sitgesrentboat.com\/fr\/wp-json\/wp\/v2\/pages"}],"about":[{"href":"https:\/\/www.sitgesrentboat.com\/fr\/wp-json\/wp\/v2\/types\/page"}],"author":[{"embeddable":true,"href":"https:\/\/www.sitgesrentboat.com\/fr\/wp-json\/wp\/v2\/users\/1"}],"replies":[{"embeddable":true,"href":"https:\/\/www.sitgesrentboat.com\/fr\/wp-json\/wp\/v2\/comments?post=5470"}],"version-history":[{"count":0,"href":"https:\/\/www.sitgesrentboat.com\/fr\/wp-json\/wp\/v2\/pages\/5470\/revisions"}],"wp:attachment":[{"href":"https:\/\/www.sitgesrentboat.com\/fr\/wp-json\/wp\/v2\/media?parent=5470"}],"curies":[{"name":"wp","href":"https:\/\/api.w.org\/{rel}","templated":true}]}}